{"id":1135,"date":"2026-04-13T18:23:22","date_gmt":"2026-04-13T22:23:22","guid":{"rendered":"https:\/\/fabdums.com\/shop\/?post_type=product&#038;p=1135"},"modified":"2026-04-13T19:55:16","modified_gmt":"2026-04-13T23:55:16","slug":"carte-de-voeux-stormtrooper","status":"publish","type":"product","link":"https:\/\/fabdums.com\/shop\/produit\/carte-de-voeux-stormtrooper\/","title":{"rendered":"Carte de v\u0153ux Stormtrooper"},"content":{"rendered":"","protected":false},"excerpt":{"rendered":"<p>Impressions sur papier cartonn\u00e9 haute qualit\u00e9.<br \/>\nCarte pli\u00e9e vide \u00e0 l&rsquo;int\u00e9rieur.<\/p>\n<p><em>Format ferm\u00e9e : 5&Prime;x7&Prime; (12.7 cm x 17.78 cm)<br \/>\n<\/em><\/p>\n","protected":false},"featured_media":1136,"template":"","meta":[],"product_cat":[131,95],"product_tag":[129],"_links":{"self":[{"href":"https:\/\/fabdums.com\/shop\/wp-json\/wp\/v2\/product\/1135"}],"collection":[{"href":"https:\/\/fabdums.com\/shop\/wp-json\/wp\/v2\/product"}],"about":[{"href":"https:\/\/fabdums.com\/shop\/wp-json\/wp\/v2\/types\/product"}],"wp:featuredmedia":[{"embeddable":true,"href":"https:\/\/fabdums.com\/shop\/wp-json\/wp\/v2\/media\/1136"}],"wp:attachment":[{"href":"https:\/\/fabdums.com\/shop\/wp-json\/wp\/v2\/media?parent=1135"}],"wp:term":[{"taxonomy":"product_cat","embeddable":true,"href":"https:\/\/fabdums.com\/shop\/wp-json\/wp\/v2\/product_cat?post=1135"},{"taxonomy":"product_tag","embeddable":true,"href":"https:\/\/fabdums.com\/shop\/wp-json\/wp\/v2\/product_tag?post=1135"}],"curies":[{"name":"wp","href":"https:\/\/api.w.org\/{rel}","templated":true}]}}