{"id":303,"date":"2020-11-03T16:23:53","date_gmt":"2020-11-03T21:23:53","guid":{"rendered":"https:\/\/fabdums.com\/shop\/?post_type=product&#038;p=303"},"modified":"2025-01-04T18:13:35","modified_gmt":"2025-01-04T23:13:35","slug":"inktober-2020","status":"publish","type":"product","link":"https:\/\/fabdums.com\/shop\/produit\/inktober-2020\/","title":{"rendered":"Sketch cards &#8211; Inktober 2020"},"content":{"rendered":"","protected":false},"excerpt":{"rendered":"<p>Dessin original sur petite carte de 9cm x 9,5cm fait lors du Inktober 2020.<br \/>\nChoisissez la sketch cards que vous voulez dans la liste d\u00e9roulante.<\/p>\n<p>Possibilit\u00e9 de mettre de c\u00f4t\u00e9 pour regrouper avec une future commande (choisir \u00ab\u00a0remise en main propre\u00a0\u00bb lors du choix de mode de livraison)<\/p>\n","protected":false},"featured_media":314,"template":"","meta":[],"product_cat":[50,49],"product_tag":[87,88],"_links":{"self":[{"href":"https:\/\/fabdums.com\/shop\/wp-json\/wp\/v2\/product\/303"}],"collection":[{"href":"https:\/\/fabdums.com\/shop\/wp-json\/wp\/v2\/product"}],"about":[{"href":"https:\/\/fabdums.com\/shop\/wp-json\/wp\/v2\/types\/product"}],"wp:featuredmedia":[{"embeddable":true,"href":"https:\/\/fabdums.com\/shop\/wp-json\/wp\/v2\/media\/314"}],"wp:attachment":[{"href":"https:\/\/fabdums.com\/shop\/wp-json\/wp\/v2\/media?parent=303"}],"wp:term":[{"taxonomy":"product_cat","embeddable":true,"href":"https:\/\/fabdums.com\/shop\/wp-json\/wp\/v2\/product_cat?post=303"},{"taxonomy":"product_tag","embeddable":true,"href":"https:\/\/fabdums.com\/shop\/wp-json\/wp\/v2\/product_tag?post=303"}],"curies":[{"name":"wp","href":"https:\/\/api.w.org\/{rel}","templated":true}]}}