{"id":403,"date":"2020-12-05T11:25:20","date_gmt":"2020-12-05T16:25:20","guid":{"rendered":"https:\/\/fabdums.com\/shop\/?post_type=product&#038;p=403"},"modified":"2024-04-06T10:50:06","modified_gmt":"2024-04-06T14:50:06","slug":"print-this-is-the-way","status":"publish","type":"product","link":"https:\/\/fabdums.com\/shop\/produit\/print-this-is-the-way\/","title":{"rendered":"Gravure &#8211; This is the Way"},"content":{"rendered":"","protected":false},"excerpt":{"rendered":"<p>Petite affiche imprim\u00e9e \u00e0 la main par proc\u00e9d\u00e9 de linogravure sur papier Hot Pres 300gr .<br \/>\nLimit\u00e9es \u00e0 20 exemplaires.<br \/>\nFormat 5,5&Prime;x8,5&Prime; (14&#215;21.5cm)<\/p>\n","protected":false},"featured_media":404,"template":"","meta":[],"product_cat":[95],"product_tag":[97,84,99,79,98,96,75,92],"_links":{"self":[{"href":"https:\/\/fabdums.com\/shop\/wp-json\/wp\/v2\/product\/403"}],"collection":[{"href":"https:\/\/fabdums.com\/shop\/wp-json\/wp\/v2\/product"}],"about":[{"href":"https:\/\/fabdums.com\/shop\/wp-json\/wp\/v2\/types\/product"}],"wp:featuredmedia":[{"embeddable":true,"href":"https:\/\/fabdums.com\/shop\/wp-json\/wp\/v2\/media\/404"}],"wp:attachment":[{"href":"https:\/\/fabdums.com\/shop\/wp-json\/wp\/v2\/media?parent=403"}],"wp:term":[{"taxonomy":"product_cat","embeddable":true,"href":"https:\/\/fabdums.com\/shop\/wp-json\/wp\/v2\/product_cat?post=403"},{"taxonomy":"product_tag","embeddable":true,"href":"https:\/\/fabdums.com\/shop\/wp-json\/wp\/v2\/product_tag?post=403"}],"curies":[{"name":"wp","href":"https:\/\/api.w.org\/{rel}","templated":true}]}}