{"id":414,"date":"2021-01-08T11:00:51","date_gmt":"2021-01-08T16:00:51","guid":{"rendered":"https:\/\/fabdums.com\/shop\/?post_type=product&#038;p=414"},"modified":"2024-04-06T10:50:00","modified_gmt":"2024-04-06T14:50:00","slug":"print-i-am-your-father","status":"publish","type":"product","link":"https:\/\/fabdums.com\/shop\/produit\/print-i-am-your-father\/","title":{"rendered":"Gravure &#8211; I am your father"},"content":{"rendered":"","protected":false},"excerpt":{"rendered":"<p>Petite affiche imprim\u00e9e \u00e0 la main par proc\u00e9d\u00e9 de linogravure sur papier Hot Pres 300gr .<br \/>\nLimit\u00e9es \u00e0 25 exemplaires.<br \/>\nFormat 5,5&Prime;x8,5&Prime; (14&#215;21,5cm)<\/p>\n","protected":false},"featured_media":417,"template":"","meta":[],"product_cat":[95],"product_tag":[97,79,98,96,75,100],"_links":{"self":[{"href":"https:\/\/fabdums.com\/shop\/wp-json\/wp\/v2\/product\/414"}],"collection":[{"href":"https:\/\/fabdums.com\/shop\/wp-json\/wp\/v2\/product"}],"about":[{"href":"https:\/\/fabdums.com\/shop\/wp-json\/wp\/v2\/types\/product"}],"wp:featuredmedia":[{"embeddable":true,"href":"https:\/\/fabdums.com\/shop\/wp-json\/wp\/v2\/media\/417"}],"wp:attachment":[{"href":"https:\/\/fabdums.com\/shop\/wp-json\/wp\/v2\/media?parent=414"}],"wp:term":[{"taxonomy":"product_cat","embeddable":true,"href":"https:\/\/fabdums.com\/shop\/wp-json\/wp\/v2\/product_cat?post=414"},{"taxonomy":"product_tag","embeddable":true,"href":"https:\/\/fabdums.com\/shop\/wp-json\/wp\/v2\/product_tag?post=414"}],"curies":[{"name":"wp","href":"https:\/\/api.w.org\/{rel}","templated":true}]}}