{"id":572,"date":"2022-02-11T09:08:31","date_gmt":"2022-02-11T14:08:31","guid":{"rendered":"https:\/\/fabdums.com\/shop\/?post_type=product&#038;p=572"},"modified":"2026-04-18T09:38:37","modified_gmt":"2026-04-18T13:38:37","slug":"gravure-expecto-patronum","status":"publish","type":"product","link":"https:\/\/fabdums.com\/shop\/produit\/gravure-expecto-patronum\/","title":{"rendered":"Gravure &#8211; Expecto Patronum"},"content":{"rendered":"","protected":false},"excerpt":{"rendered":"<p>Petite affiche imprim\u00e9e \u00e0 la main par proc\u00e9d\u00e9 de linogravure sur papier Hot Pres 300gr .<br \/>\nLimit\u00e9es \u00e0 30 exemplaires.<br \/>\nFormat 5,5&Prime;x8,5&Prime; (14&#215;21,5cm)<\/p>\n","protected":false},"featured_media":574,"template":"","meta":[],"product_cat":[95],"product_tag":[97,109,98,96],"_links":{"self":[{"href":"https:\/\/fabdums.com\/shop\/wp-json\/wp\/v2\/product\/572"}],"collection":[{"href":"https:\/\/fabdums.com\/shop\/wp-json\/wp\/v2\/product"}],"about":[{"href":"https:\/\/fabdums.com\/shop\/wp-json\/wp\/v2\/types\/product"}],"wp:featuredmedia":[{"embeddable":true,"href":"https:\/\/fabdums.com\/shop\/wp-json\/wp\/v2\/media\/574"}],"wp:attachment":[{"href":"https:\/\/fabdums.com\/shop\/wp-json\/wp\/v2\/media?parent=572"}],"wp:term":[{"taxonomy":"product_cat","embeddable":true,"href":"https:\/\/fabdums.com\/shop\/wp-json\/wp\/v2\/product_cat?post=572"},{"taxonomy":"product_tag","embeddable":true,"href":"https:\/\/fabdums.com\/shop\/wp-json\/wp\/v2\/product_tag?post=572"}],"curies":[{"name":"wp","href":"https:\/\/api.w.org\/{rel}","templated":true}]}}