{"id":727,"date":"2022-10-11T13:09:00","date_gmt":"2022-10-11T17:09:00","guid":{"rendered":"https:\/\/fabdums.com\/shop\/?post_type=product&#038;p=727"},"modified":"2024-04-06T10:49:27","modified_gmt":"2024-04-06T14:49:27","slug":"cartes-harry-potter","status":"publish","type":"product","link":"https:\/\/fabdums.com\/shop\/produit\/cartes-harry-potter\/","title":{"rendered":"Cartes Harry Potter"},"content":{"rendered":"<p>Choisissez le personnage que vous souhaitez commander dans la liste.<\/p>\n","protected":false},"excerpt":{"rendered":"<p>Impressions sur papier cartonn\u00e9 et textur\u00e9 de haute qualit\u00e9.<br \/>\nChoisissez le personnage que vous souhaitez commander dans la liste.<\/p>\n<p><em>Format : 4,5&Prime;x6,5&Prime; (ou 16,5 cm x 11,5 cm)<\/em><\/p>\n<p><span style=\"color: #800000;\"><strong>Profitez de 3$ (<em>ou 3\u20ac<\/em>) de rabais par tranche de 3 cartes command\u00e9es!!<br \/>\n<\/strong><em>La r\u00e9duction apparaitra automatiquement dans votre panier.<\/em><\/span><\/p>\n<p><span style=\"color: #800000;\"><strong>\u00a0<\/strong><\/span><\/p>\n","protected":false},"featured_media":744,"template":"","meta":[],"product_cat":[118,95],"product_tag":[109],"_links":{"self":[{"href":"https:\/\/fabdums.com\/shop\/wp-json\/wp\/v2\/product\/727"}],"collection":[{"href":"https:\/\/fabdums.com\/shop\/wp-json\/wp\/v2\/product"}],"about":[{"href":"https:\/\/fabdums.com\/shop\/wp-json\/wp\/v2\/types\/product"}],"wp:featuredmedia":[{"embeddable":true,"href":"https:\/\/fabdums.com\/shop\/wp-json\/wp\/v2\/media\/744"}],"wp:attachment":[{"href":"https:\/\/fabdums.com\/shop\/wp-json\/wp\/v2\/media?parent=727"}],"wp:term":[{"taxonomy":"product_cat","embeddable":true,"href":"https:\/\/fabdums.com\/shop\/wp-json\/wp\/v2\/product_cat?post=727"},{"taxonomy":"product_tag","embeddable":true,"href":"https:\/\/fabdums.com\/shop\/wp-json\/wp\/v2\/product_tag?post=727"}],"curies":[{"name":"wp","href":"https:\/\/api.w.org\/{rel}","templated":true}]}}